{"id":102,"date":"2018-10-22T19:11:35","date_gmt":"2018-10-22T17:11:35","guid":{"rendered":"http:\/\/192.168.1.106\/wordpress\/?page_id=102"},"modified":"2024-10-25T12:05:24","modified_gmt":"2024-10-25T10:05:24","slug":"informacje-konsultanta-wojewodzkiego-neonatologii","status":"publish","type":"page","link":"http:\/\/www.neonatologia2.ump.edu.pl\/index.php\/informacje-konsultanta-wojewodzkiego-neonatologii\/","title":{"rendered":"Informacje Konsultanta Wojew\u00f3dzkiego Neonatologii"},"content":{"rendered":"<p>Serdecznie zapraszamy do zapoznania si\u0119 z informacjami<br \/>\nKonsultanta Wojew\u00f3dzkiego w dziedzinie neonatologii<br \/>\nprof. dr hab. Marty Szymankiewicz-Br\u0119borowicz.<br \/>\nW serwisie znajd\u0105 si\u0119 rekomendacje, komentarze, informacje.<br \/>\nZach\u0119camy tak\u017ce do zapoznania si\u0119 z informacjami w zak\u0142adce&nbsp;Aktualno\u015bci<\/p>\n<p>Informacje<br \/>\nOd dnia 1.05.2015r. funkcj\u0119 Konsultanta Wojew\u00f3dzkiego w dziedzinie neonatologii w woj. Wielkopolskim pe\u0142ni prof. Marta Szymankiewicz-Br\u0119borowicz.&nbsp;<br \/>\nKomentarze<br \/>\nMinisterstwo Zdrowia rozszerzy\u0142o wskazania do stosowania profilaktyki zaka\u017ce\u0144 RSV za pomoc\u0105 Synagisu.<\/p>\n<p>Jest to korzystna decyzja w ochronie zdrowia noworodk\u00f3w i niemowl\u0105t.<\/p>\n<p>Rekomendacje<br \/>\nPliki do pobrania: rekomendacje i wytyczne:<\/p>\n<p><a href=\"http:\/\/www.neonatologia2.ump.edu.pl\/wp-content\/uploads\/dlm_uploads\/2019\/01\/Protok\u00f3\u0142-1A-Zaka\u017cenia.doc\">Protok\u00f3\u0142 1A &#8211; Zaka\u017cenia<\/a>&nbsp; &nbsp;<a href=\"http:\/\/www.neonatologia2.ump.edu.pl\/wp-content\/uploads\/dlm_uploads\/2019\/01\/Protoko\u0142u-Nr-1-za\u0142\u0105cznik-1.pdf\">Protoko\u0142u Nr 1-za\u0142\u0105cznik<\/a><\/p>\n<p><a href=\"http:\/\/www.neonatologia2.ump.edu.pl\/wp-content\/uploads\/2021\/08\/Protokol-1B-GBS-u-matki.pdf\">Protok\u00f3\u0142-1B-GBS-u-matki<\/a><\/p>\n<p><a href=\"http:\/\/www.neonatologia2.ump.edu.pl\/wp-content\/uploads\/2021\/08\/Protokol-2-Zasady-postepowania-zakazenia.pdf\">Protok\u00f3\u0142-2-Zasady-post\u0119powania-zaka\u017cenia<\/a><\/p>\n<p><a href=\"http:\/\/www.neonatologia2.ump.edu.pl\/wp-content\/uploads\/2021\/08\/Protokol-3-Centr-cew-dozyl.pdf\">Protok\u00f3\u0142-3-Centr-cew-do\u017cyl<\/a><\/p>\n<p><a href=\"http:\/\/www.neonatologia2.ump.edu.pl\/wp-content\/uploads\/2021\/08\/Protokol-4-Tlenoterapia.pdf\">Protok\u00f3\u0142-4-Tlenoterapia<\/a><\/p>\n<p><a href=\"http:\/\/www.neonatologia2.ump.edu.pl\/wp-content\/uploads\/2021\/08\/Protokol-5-IBU-w-profilaktyce-PDA.pdf\">Protok\u00f3\u0142-5-IBU-w-profilaktyce-PDA<\/a><\/p>\n<p><a href=\"http:\/\/www.neonatologia2.ump.edu.pl\/wp-content\/uploads\/2021\/08\/Protokol-6-Wypis-noworodka-z-oddz-pol.pdf\">Protok\u00f3\u0142-6-Wypis-noworodka-z-oddz-po\u0142<\/a><\/p>\n<p><a href=\"http:\/\/www.neonatologia2.ump.edu.pl\/wp-content\/uploads\/2021\/08\/Protokol-7-Zapobobieganie-perinatalnej-transmisji-HIV.pdf\">Protok\u00f3\u0142-7-Zapobobieganie-perinatalnej-transmisji-HIV<\/a><\/p>\n<p><a href=\"http:\/\/www.neonatologia2.ump.edu.pl\/wp-content\/uploads\/2021\/08\/Protokol-8-narkotyki.pdf\">Protok\u00f3\u0142-8-narkotyki<\/a><\/p>\n<p><a href=\"http:\/\/www.neonatologia2.ump.edu.pl\/wp-content\/uploads\/2021\/08\/Protokol-9-transport.pdf\">Protok\u00f3\u0142-9-transport<\/a><\/p>\n<p><a href=\"http:\/\/www.neonatologia2.ump.edu.pl\/wp-content\/uploads\/2021\/08\/Protokol-10-Tlenoterapia-u-noworodka.pdf\">Protok\u00f3\u0142-10-Tlenoterapia-u-noworodka<\/a><\/p>\n<p><a href=\"http:\/\/www.neonatologia2.ump.edu.pl\/wp-content\/uploads\/2021\/08\/Protokol-11-wentylacja-nieinwazyjna.pdf\">Protok\u00f3\u0142-11-wentylacja-nieinwazyjna<\/a><\/p>\n<p><a href=\"http:\/\/www.neonatologia2.ump.edu.pl\/wp-content\/uploads\/2021\/08\/Protokol-12-Tryby-wentylacji-niekonwencjonalnej.pdf\">Protok\u00f3\u0142-12-Tryby-wentylacji-niekonwencjonalnej<\/a><\/p>\n<p><a href=\"http:\/\/www.neonatologia2.ump.edu.pl\/wp-content\/uploads\/2021\/08\/Protokol-13-wentylacja-inwazyjna.pdf\">Protok\u00f3\u0142-13-wentylacja-inwazyjna<\/a><\/p>\n<p><a href=\"http:\/\/www.neonatologia2.ump.edu.pl\/wp-content\/uploads\/2021\/08\/Protokol-14-sterydy.pdf\">Protok\u00f3\u0142-14-sterydy<\/a><\/p>\n<p><a href=\"http:\/\/www.neonatologia2.ump.edu.pl\/wp-content\/uploads\/2021\/08\/Protokol-15-ECHO.pdf\">Protok\u00f3\u0142-15-ECHO<\/a><\/p>\n<p><a href=\"http:\/\/www.neonatologia2.ump.edu.pl\/wp-content\/uploads\/2021\/08\/Protokol-16-Surfaktant.pdf\">Protok\u00f3\u0142-16-Surfaktant<\/a><\/p>\n<p><a href=\"http:\/\/www.neonatologia2.ump.edu.pl\/wp-content\/uploads\/2021\/08\/Protokol-17-zabiegi-okulistyczne.pdf\">Protok\u00f3\u0142-17-zabiegi-okulistyczne<\/a><\/p>\n<p><a href=\"http:\/\/www.neonatologia2.ump.edu.pl\/wp-content\/uploads\/2021\/08\/Protokol-18-hipotermia.pdf\">Protok\u00f3\u0142-18-hipotermia<\/a><\/p>\n<p><a href=\"http:\/\/www.neonatologia2.ump.edu.pl\/wp-content\/uploads\/2021\/08\/Protokol-19-Erytropoetyna.pdf\">Protok\u00f3\u0142-19-Erytropoetyna<\/a><\/p>\n<p><a href=\"http:\/\/www.neonatologia2.ump.edu.pl\/wp-content\/uploads\/2021\/08\/Protokol-20-kaniule-donosowe.pdf\">Protok\u00f3\u0142-20-kaniule-donosowe<\/a><\/p>\n<p><a href=\"http:\/\/www.neonatologia2.ump.edu.pl\/wp-content\/uploads\/2021\/08\/Protokol-21-usg-przezciemieniowe.pdf\">Protok\u00f3\u0142-21-usg-przezciemieniowe<\/a><br \/>\nDodatkowe rekomendacje mo\u017cna znale\u017a\u0107 w : &#8222;Standardy Opieki Medycznej nad Noworodkiem w Polsce. Zalecenia Polskiego Towarzystwa Neonatologicznego&#8221;<\/p>\n","protected":false},"excerpt":{"rendered":"<p>Serdecznie zapraszamy do zapoznania si\u0119 z informacjami Konsultanta Wojew\u00f3dzkiego w dziedzinie neonatologii prof. dr hab. Marty Szymankiewicz-Br\u0119borowicz. W serwisie znajd\u0105 si\u0119 rekomendacje, komentarze, informacje. Zach\u0119camy tak\u017ce do zapoznania si\u0119 z informacjami w zak\u0142adce&nbsp;Aktualno\u015bci Informacje Od dnia 1.05.2015r. funkcj\u0119 Konsultanta Wojew\u00f3dzkiego w dziedzinie neonatologii w woj. Wielkopolskim pe\u0142ni prof. Marta Szymankiewicz-Br\u0119borowicz.&nbsp; Komentarze Ministerstwo Zdrowia rozszerzy\u0142o wskazania [&hellip;]<\/p>\n","protected":false},"author":2,"featured_media":0,"parent":0,"menu_order":0,"comment_status":"closed","ping_status":"closed","template":"","meta":{"ngg_post_thumbnail":0},"_links":{"self":[{"href":"http:\/\/www.neonatologia2.ump.edu.pl\/index.php\/wp-json\/wp\/v2\/pages\/102"}],"collection":[{"href":"http:\/\/www.neonatologia2.ump.edu.pl\/index.php\/wp-json\/wp\/v2\/pages"}],"about":[{"href":"http:\/\/www.neonatologia2.ump.edu.pl\/index.php\/wp-json\/wp\/v2\/types\/page"}],"author":[{"embeddable":true,"href":"http:\/\/www.neonatologia2.ump.edu.pl\/index.php\/wp-json\/wp\/v2\/users\/2"}],"replies":[{"embeddable":true,"href":"http:\/\/www.neonatologia2.ump.edu.pl\/index.php\/wp-json\/wp\/v2\/comments?post=102"}],"version-history":[{"count":34,"href":"http:\/\/www.neonatologia2.ump.edu.pl\/index.php\/wp-json\/wp\/v2\/pages\/102\/revisions"}],"predecessor-version":[{"id":927,"href":"http:\/\/www.neonatologia2.ump.edu.pl\/index.php\/wp-json\/wp\/v2\/pages\/102\/revisions\/927"}],"wp:attachment":[{"href":"http:\/\/www.neonatologia2.ump.edu.pl\/index.php\/wp-json\/wp\/v2\/media?parent=102"}],"curies":[{"name":"wp","href":"https:\/\/api.w.org\/{rel}","templated":true}]}}