{"id":97,"date":"2018-10-22T19:11:34","date_gmt":"2018-10-22T17:11:34","guid":{"rendered":"http:\/\/192.168.1.106\/wordpress\/?page_id=97"},"modified":"2026-02-19T11:54:05","modified_gmt":"2026-02-19T09:54:05","slug":"lekarze-oddzialy","status":"publish","type":"page","link":"http:\/\/www.neonatologia2.ump.edu.pl\/index.php\/lekarze-oddzialy\/","title":{"rendered":"Lekarze, oddzia\u0142y"},"content":{"rendered":"<p><strong>KLINIKA NEONATOLOGII I<\/strong><\/p>\n<p><strong>Kierownik<\/strong>:<br \/>\nprof. dr hab. med. Jan Mazela<br \/>\ntel. 61 8419-270<br \/>\nfax 61 8419-411<\/p>\n<p><strong>Sekretariat<\/strong>:<br \/>\nmgr Tomasz Piku\u0142a<br \/>\ntel. 61 8419-270<\/p>\n<p><strong>Z-ca kierownika<\/strong>:<br \/>\nprof. dr hab. med. Marta Szymankiewicz-Br\u0119borowicz<br \/>\ntel. 61 8419-269<\/p>\n<p><strong>Sekretariat<\/strong>:<br \/>\nDanuta Zdybel<br \/>\ntel. 61 8419-269<\/p>\n<p><strong>Piel\u0119gniarka oddzia\u0142owa<\/strong>:<br \/>\nmgr El\u017cbieta Czapla<br \/>\ntel. 61 8419-293<\/p>\n<p><strong>Z-cy piel\u0119gniarki oddzia\u0142owej:<\/strong><\/p>\n<p>tel. 61 8419-293<\/p>\n<p>Barbara Pisku\u0142a- Opieka Intensywna<\/p>\n<p>Anna Bo\u017cek- Opieka Ci\u0105g\u0142a<\/p>\n<p>Halina Stafecka- Opieka Po\u015brednia<\/p>\n<p><strong>Lekarze dy\u017curka I&nbsp; &nbsp;<\/strong><\/p>\n<p>tel. 61 8419-718<\/p>\n<p>dr med. Ewa Burchardt-Kroll<\/p>\n<p>dr med. Marzena Matuszczak-Wleklak<\/p>\n<p>dr med. Dorota Pietrzycka<\/p>\n<p>dr med. Hanna Szczapa-Krenz<\/p>\n<p>dr med. Beata Witos\u0142aw<\/p>\n<p><strong>Lekarze dy\u017curka II&nbsp; <\/strong>&nbsp;<\/p>\n<p>tel. 61 8419-433<\/p>\n<p>dr med. Alina Bagnosz-Magnuszewska<\/p>\n<p>dr med. Ewa Burzy\u0144ska<\/p>\n<p>dr med. Katarzyna Kowalska<\/p>\n<p>dr med. Joanna R\u00f3\u017cycka<\/p>\n<p>dr hab. med. Dawid Szpecht, prof. UMP<\/p>\n<p><strong>Lekarze dy\u017curka III<\/strong><\/p>\n<p>tel. 61 8419-241\/457<\/p>\n<p>dr med. Michalina Bugiera<\/p>\n<p>lek. med. Agnieszka Ciesielska<\/p>\n<p>dr med. Monika Czarnecka<\/p>\n<p>dr med. Anna Gr\u0105dzka-\u0141uczewska<\/p>\n<p>dr. med. Sonia Kahtan<\/p>\n<p>lek. med. Ivan Kasiuk<\/p>\n<p>dr. med. Katarzyna Kosik-Szczupaczy\u0144ska<\/p>\n<p>lek. med. Zuzanna Koz\u0142owska<\/p>\n<p>lek. med. Agata Kubiaczyk<\/p>\n<p>lek. med. Julita Kwa\u015bniewska<\/p>\n<p>lek. med. Teresa Mendaluk<\/p>\n<p>dr med. Barbara Michniewicz<\/p>\n<p>lek. med. Marcin Minta<\/p>\n<p>lek. med. Klaudia Niewulska-Szepczy\u0144ska<\/p>\n<p>lek. med. Katarzyna Olek<\/p>\n<p>dr med. Agnieszka Paradowska-Grygier<\/p>\n<p>lek. med. Piotr Ptak<\/p>\n<p>lek. med. Alicja Sobaniec<\/p>\n<p>lek. med. Karolina Wr\u00f3bel<\/p>\n<p><strong>Lekarze rezydenci<\/strong><\/p>\n<p>lek. med. Valiantsina Baiko<\/p>\n<p>lek. med. El\u017cbieta Chojnacka<\/p>\n<p>lek. med. Arkadiusz Jachno<\/p>\n<p>lek. med. Marta J\u0119drzejczyk<\/p>\n<p>lek. med. Agata Kadaj<\/p>\n<p>lek. med. Anna Kipka<\/p>\n<p>lek. med. Magdalena Mariak<\/p>\n<p>lek. med. Olga Mejer<\/p>\n<p>lek. med. Katsiaryna Stralchenia<\/p>\n<p>&nbsp;<\/p>\n<p><strong>Oddzia\u0142 Intensywnej Terapii Noworodka<\/strong><br \/>\ntel. 61 8419-242<\/p>\n<p><strong>Oddzia\u0142 Opieki Po\u015bredniej Noworodka<\/strong><br \/>\ntel. 61 8419-240<\/p>\n<p><strong>Oddzia\u0142 Opieki Ci\u0105g\u0142ej Noworodka<\/strong><br \/>\ntel. 61 8419-232<\/p>\n<p>&nbsp;<\/p>\n<p><strong>KLINIKA NEONATOLOGII II<br \/>\n<\/strong><\/p>\n<p><strong>Kierownik:<\/strong><\/p>\n<p>prof. UM dr hab. med. Tomasz Szczapa<br \/>\ntel. 61 8419-409<\/p>\n<p><strong>Z-ca:<\/strong><br \/>\ndr hab. med. Katarzyna Wr\u00f3blewska &#8211; Seniuk<br \/>\ntel. 61 8419-409<\/p>\n<p><strong>Sekretariat<\/strong>:<br \/>\nJolanta Kaczmarek<br \/>\ntel. 61 8419-409<\/p>\n<p><strong>Piel\u0119gniarka oddzia\u0142owa:<\/strong><br \/>\nBarbara Kaseja<br \/>\ntel. 61 8419-094<\/p>\n<p><strong>Z-ca piel\u0119gniarki oddzia\u0142owej:<\/strong><\/p>\n<p>G\u00f3rewicz Bo\u017cena<\/p>\n<p>tel. 61 8419-094<\/p>\n<p><strong>Lekarze:<\/strong><\/p>\n<p>tel. 61 8419-095<\/p>\n<p>lek. med. Adriana Aaslid<\/p>\n<p>dr med. Karolina Chojnacka<\/p>\n<p>dr med. \u0141ukasz Karpi\u0144ski<\/p>\n<p>dr med. Alicja Kornacka<\/p>\n<p>lek. med. Grzegorz Matusiak<\/p>\n<p>dr med. Natalia Neumann-Klimasi\u0144ska<\/p>\n<p>dr med. Greta Sibrecht<\/p>\n<p>lek. med. Katarzyna Sroczy\u0144ska<\/p>\n<p><strong>Lekarze rezydenci:<\/strong><\/p>\n<p>lek. med. Monika Bekalarska-Hora\u0142a<\/p>\n<p>lek. med. Franciszek Borys<\/p>\n<p>lek. med. Agata Jerzak<\/p>\n<p>lek. med. Anna Ko\u0142odziejczak<\/p>\n<p>lek. med. Patryk Kwapie\u0144<\/p>\n<p>lek. med. Justyna Rogulska<\/p>\n<p>lek. med. Patrycja Siwek<\/p>\n<p>lek. med. Dobrochna Wojciechowska<\/p>\n<p>&nbsp;<\/p>\n<p><strong>Oddzia\u0142 Intensywnej Terapii Noworodka<\/strong><br \/>\ntel. 61 8419-341<\/p>\n<p><strong>Oddzia\u0142 Opieki Po\u015bredniej Noworodka<\/strong><br \/>\ntel. 61 8419-098<\/p>\n<p><strong>Oddzia\u0142 Opieki Ci\u0105g\u0142ej Noworodka<\/strong><br \/>\ntel. 61 8419-082<\/p>\n<p>&nbsp;<\/p>\n","protected":false},"excerpt":{"rendered":"<p>KLINIKA NEONATOLOGII I Kierownik: prof. dr hab. med. Jan Mazela tel. 61 8419-270 fax 61 8419-411 Sekretariat: mgr Tomasz Piku\u0142a tel. 61 8419-270 Z-ca kierownika: prof. dr hab. med. Marta Szymankiewicz-Br\u0119borowicz tel. 61 8419-269 Sekretariat: Danuta Zdybel tel. 61 8419-269 Piel\u0119gniarka oddzia\u0142owa: mgr El\u017cbieta Czapla tel. 61 8419-293 Z-cy piel\u0119gniarki oddzia\u0142owej: tel. 61 8419-293 Barbara [&hellip;]<\/p>\n","protected":false},"author":2,"featured_media":0,"parent":0,"menu_order":0,"comment_status":"closed","ping_status":"closed","template":"","meta":{"ngg_post_thumbnail":0},"_links":{"self":[{"href":"http:\/\/www.neonatologia2.ump.edu.pl\/index.php\/wp-json\/wp\/v2\/pages\/97"}],"collection":[{"href":"http:\/\/www.neonatologia2.ump.edu.pl\/index.php\/wp-json\/wp\/v2\/pages"}],"about":[{"href":"http:\/\/www.neonatologia2.ump.edu.pl\/index.php\/wp-json\/wp\/v2\/types\/page"}],"author":[{"embeddable":true,"href":"http:\/\/www.neonatologia2.ump.edu.pl\/index.php\/wp-json\/wp\/v2\/users\/2"}],"replies":[{"embeddable":true,"href":"http:\/\/www.neonatologia2.ump.edu.pl\/index.php\/wp-json\/wp\/v2\/comments?post=97"}],"version-history":[{"count":80,"href":"http:\/\/www.neonatologia2.ump.edu.pl\/index.php\/wp-json\/wp\/v2\/pages\/97\/revisions"}],"predecessor-version":[{"id":945,"href":"http:\/\/www.neonatologia2.ump.edu.pl\/index.php\/wp-json\/wp\/v2\/pages\/97\/revisions\/945"}],"wp:attachment":[{"href":"http:\/\/www.neonatologia2.ump.edu.pl\/index.php\/wp-json\/wp\/v2\/media?parent=97"}],"curies":[{"name":"wp","href":"https:\/\/api.w.org\/{rel}","templated":true}]}}